{"id":38,"date":"2023-10-03T09:06:38","date_gmt":"2023-10-03T09:06:38","guid":{"rendered":"https:\/\/cgc.usm.md\/?page_id=38"},"modified":"2024-03-26T11:25:29","modified_gmt":"2024-03-26T11:25:29","slug":"consiliere-in-cariera","status":"publish","type":"page","link":"https:\/\/cgc.usm.md\/?page_id=38","title":{"rendered":"Consiliere \u00een carier\u0103"},"content":{"rendered":"<div style=\"display: flex; flex-direction: column; gap: 10px;\">\n<p>Dac\u0103 dore\u0219ti s\u0103 te programezi la o sesiune de consiliere \u0219i orientare \u00een carier\u0103, te rug\u0103m s\u0103 completezi formularul al\u0103turat.<\/p>\n<p><a style=\"padding: 10px 20px; color: white; background: #1c5739;\" href=\"https:\/\/docs.google.com\/forms\/d\/e\/1FAIpQLSeSLIfzkM7o-KLMp_w9MNbIsUPNnOcNmn27RZbWDbD52RZReg\/viewform\">FORMULAR-PROGRAMARE CONSILIERE<\/a><\/p>\n<p>Aceste sesiuni de consiliere \u0219i orientare \u00een carier\u0103 sunt gratuite pentru to\u021bi elevii \u00een ani terminali, studen\u021bi \u0219i absolven\u021bi ai USM, indiferent de facultatea sau specializarea urmat\u0103. \u0218edin\u021bele de consiliere se desf\u0103\u0219oar\u0103 individual, fie online, fie fa\u021b\u0103 \u00een fa\u021b\u0103 \u0219i sunt adaptate nevoilor specifice ale fiec\u0103rei persoane consiliate.<\/p>\n<\/div>\n","protected":false},"excerpt":{"rendered":"<p>Dac\u0103 dore\u0219ti s\u0103 te programezi la o sesiune de consiliere \u0219i orientare \u00een carier\u0103, te rug\u0103m s\u0103 completezi formularul al\u0103turat. FORMULAR-PROGRAMARE CONSILIERE Aceste sesiuni de consiliere \u0219i orientare \u00een carier\u0103 sunt gratuite pentru to\u021bi elevii \u00een ani terminali, studen\u021bi \u0219i absolven\u021bi ai USM, indiferent de facultatea sau specializarea urmat\u0103. \u0218edin\u021bele de consiliere se desf\u0103\u0219oar\u0103 individual,&hellip; <br \/> <a class=\"read-more\" href=\"https:\/\/cgc.usm.md\/?page_id=38\">Cite\u0219te mai mult<\/a><\/p>\n","protected":false},"author":1,"featured_media":0,"parent":0,"menu_order":0,"comment_status":"closed","ping_status":"closed","template":"","meta":{"footnotes":""},"class_list":["post-38","page","type-page","status-publish","hentry"],"rttpg_featured_image_url":null,"rttpg_author":{"display_name":"char10t","author_link":"https:\/\/cgc.usm.md\/?author=1"},"rttpg_comment":0,"rttpg_category":null,"rttpg_excerpt":"Dac\u0103 dore\u0219ti s\u0103 te programezi la o sesiune de consiliere \u0219i orientare \u00een carier\u0103, te rug\u0103m s\u0103 completezi formularul al\u0103turat. FORMULAR-PROGRAMARE CONSILIERE Aceste sesiuni de consiliere \u0219i orientare \u00een carier\u0103 sunt gratuite pentru to\u021bi elevii \u00een ani terminali, studen\u021bi \u0219i absolven\u021bi ai USM, indiferent de facultatea sau specializarea urmat\u0103. \u0218edin\u021bele de consiliere se desf\u0103\u0219oar\u0103 individual,&hellip;&hellip;","_links":{"self":[{"href":"https:\/\/cgc.usm.md\/index.php?rest_route=\/wp\/v2\/pages\/38","targetHints":{"allow":["GET"]}}],"collection":[{"href":"https:\/\/cgc.usm.md\/index.php?rest_route=\/wp\/v2\/pages"}],"about":[{"href":"https:\/\/cgc.usm.md\/index.php?rest_route=\/wp\/v2\/types\/page"}],"author":[{"embeddable":true,"href":"https:\/\/cgc.usm.md\/index.php?rest_route=\/wp\/v2\/users\/1"}],"replies":[{"embeddable":true,"href":"https:\/\/cgc.usm.md\/index.php?rest_route=%2Fwp%2Fv2%2Fcomments&post=38"}],"version-history":[{"count":8,"href":"https:\/\/cgc.usm.md\/index.php?rest_route=\/wp\/v2\/pages\/38\/revisions"}],"predecessor-version":[{"id":1951,"href":"https:\/\/cgc.usm.md\/index.php?rest_route=\/wp\/v2\/pages\/38\/revisions\/1951"}],"wp:attachment":[{"href":"https:\/\/cgc.usm.md\/index.php?rest_route=%2Fwp%2Fv2%2Fmedia&parent=38"}],"curies":[{"name":"wp","href":"https:\/\/api.w.org\/{rel}","templated":true}]}}