{"id":26,"date":"2023-10-03T09:04:39","date_gmt":"2023-10-03T09:04:39","guid":{"rendered":"https:\/\/cgc.usm.md\/?page_id=26"},"modified":"2025-11-25T08:18:56","modified_gmt":"2025-11-25T08:18:56","slug":"metodologie","status":"publish","type":"page","link":"https:\/\/cgc.usm.md\/?page_id=26","title":{"rendered":"Baz\u0103 normativ\u0103"},"content":{"rendered":"<p style=\"text-align: justify;\">Baz\u0103 normativ\u0103 a organiz\u0103rii \u015fi func\u0163ion\u0103rii Centrului de Ghidare \u00een Carier\u0103 \u015fi Rela\u0163ii cu Pia\u0163a Muncii:<\/p>\n<ol style=\"text-align: justify;\">\n<li style=\"text-align: left;\"><strong><a href=\"https:\/\/usm.md\/wp-content\/uploads\/Education-code-Oct-2014-1.pdf\">Codul Educa\u0163iei al Republicii Moldova Nr. 152 din 17.07.2014, publicat \u00een Monitorul Oficial Nr. 319-324 din 24.10.2014<\/a><\/strong><\/li>\n<li style=\"text-align: left;\"><strong><u><\/u><a href=\"https:\/\/www.ilo.org\/dyn\/natlex\/docs\/ELECTRONIC\/114551\/144024\/F-58223931\/MDA-114551.pdf\">Strategia Na\u0163ional\u0103 de dezvoltare &#8222;Moldova European\u0103 2030\u201d<\/a><\/strong><\/li>\n<li style=\"text-align: left;\"><strong><a href=\"https:\/\/usm.md\/wp-content\/uploads\/Plan-cadru-pentru-studii-superioare-de-licen%C5%A3%C4%83-ciclul-I-de-master-ciclul-II-%C5%9Fi-integrate_2020.pdf\">Planul-cadru pentru studiile superioare de licen\u0163\u0103 (ciclul 1), de master (ciclul II) \u015fi integrate (Aprobat prin Ordinul Munisterului Educa\u0163iei, Culturii \u015fi Cercet\u0103rii nr. 120 din 10.02.2020)<\/a><\/strong><\/li>\n<li style=\"text-align: left;\"><strong><a href=\"https:\/\/usm.md\/wp-content\/uploads\/Regulamentul-cadru-privind-stagiile-de-practic%C4%83-%C3%AEn-%C3%AEnv%C4%83%C5%A3%C4%83m%C3%AEntul-superior.pdf\">Regulamentul-cadru privind stagiile de practic\u0103 \u00een \u00eenv\u0103\u021b\u0103m\u00eentul superior (Ordinul Ministerului Educa\u0163iei nr.203 din 19 martie 2014)<\/a><\/strong><\/li>\n<li style=\"text-align: left;\"><strong><a href=\"https:\/\/usm.md\/wp-content\/uploads\/Regulamentul-cadru-privind-stagiile-de-practic%C4%83-%C3%AEn-%C3%AEnv%C4%83%C5%A3%C4%83m%C3%AEntul-superior.pdf\">Regulamentul de organizare a studiilor \u00een \u00eenv\u0103\u021b\u0103m\u00eentul superior \u00een baza Sistemului Na\u0163ional de Credite de Studiu (2015)<\/a><\/strong>, av\u00e2nd ca suport <strong><a href=\"https:\/\/mecc.gov.md\/sites\/default\/files\/ordinul_nr._970_din_10.09.14_ghid_metodologic_de_creare_si_functionare_a_centrului_universitar_de_ghidare_si_consiliere_in_cariera.pdf\">Ghidul metodologic de creare \u015fifunc\u0163ionare a Centrelor de ghidare \u015fi consiliere \u00een carier\u0103, aprobat prin ordin, de c\u0103tre Ministerul Educa\u0163iei al RM, din 10 septembrie 2014<\/a><\/strong><\/li>\n<li style=\"text-align: left;\"><strong><a href=\"https:\/\/usm.md\/wp-content\/uploads\/STRATEGIA-USM-2021-2026-Senat-07-09-21.pdf\">Strategia de Dezvoltare a Universit\u0103\u0163ii de Stat din Moldova (2021-2026),<\/a><\/strong> <u><\/u>Aprobat prin decizia Senatului din 07.09.2021. Centrul de Ghidare \u00een Carier\u0103 \u015fi Rela\u0163ii cu Pia\u0163a Muncii, Universitatea de Stat din Moldova<\/li>\n<li style=\"text-align: left;\"><strong><a href=\"https:\/\/usm.md\/wp-content\/uploads\/Strategia_USM_PIan_de_actiuni_2022.pdf\">Strategia de Dezvoltare a Universit\u0103\u0163ii de Stat din Moldova, Plan de ac\u0163iuni pentru anul 2022, Aprobat prin decizia Senatului din 01.03.2022<\/a><\/strong><\/li>\n<li style=\"text-align: left;\"><strong><a href=\"https:\/\/usm.md\/wp-content\/uploads\/Regulament_stag_practica_institutional_09_09_2022.pdf\">Regulament cu privire la organizarea stagiilor de practic\u0103 la ciclul 1, studii superioare de licen\u0163\u0103 \u0219i ciclul II, studii superioare de master, aprobat de senatul USM, 13.09.2022<\/a><\/strong><\/li>\n<li><strong><a href=\"http:\/\/cgc.usm.md\/wp-content\/uploads\/2024\/03\/Ghid_CGCRPM.pdf\">Ghidul metodologic de creare \u0219i func\u021bionare a Centrului Universitar de Ghidare \u0219i Consiliere \u00een Carier\u0103, Aprobat prin decizia Senatului Nr.970 din 10.09.2014<\/a><\/strong><\/li>\n<li><strong><a href=\"http:\/\/cgc.usm.md\/wp-content\/uploads\/2025\/07\/Regulament-de-Organizare-si-Functionare-CGCRPM.pdf\">Regulament de Organizare si Functionare CGCRPM<\/a><\/strong><\/li>\n<li>\n<p class=\"p1\"><a href=\"http:\/\/cgc.usm.md\/wp-content\/uploads\/2025\/10\/Plan-de-actiuni-CGC-25.pdf\"><b>PLANUL DE AC\u021aIUNI <\/b><b>AL CENTRULUI DE GHIDARE <\/b><b>\u00ceN CARIER\u0102<\/b><\/a><\/p>\n<\/li>\n<li><strong><a href=\"http:\/\/cgc.usm.md\/wp-content\/uploads\/2025\/11\/Regulament-de-Organizare-si-Functionare-CGCRPM.pdf\">Regulament-de-Organizare-si-Functionare-CGCRPM<\/a><\/strong><\/li>\n<\/ol>\n","protected":false},"excerpt":{"rendered":"<p>Baz\u0103 normativ\u0103 a organiz\u0103rii \u015fi func\u0163ion\u0103rii Centrului de Ghidare \u00een Carier\u0103 \u015fi Rela\u0163ii cu Pia\u0163a Muncii: Codul Educa\u0163iei al Republicii Moldova Nr. 152 din 17.07.2014, publicat \u00een Monitorul Oficial Nr. 319-324 din 24.10.2014 Strategia Na\u0163ional\u0103 de dezvoltare &#8222;Moldova European\u0103 2030\u201d Planul-cadru pentru studiile superioare de licen\u0163\u0103 (ciclul 1), de master (ciclul II) \u015fi integrate (Aprobat&hellip; <br \/> <a class=\"read-more\" href=\"https:\/\/cgc.usm.md\/?page_id=26\">Cite\u0219te mai mult<\/a><\/p>\n","protected":false},"author":1,"featured_media":0,"parent":0,"menu_order":0,"comment_status":"closed","ping_status":"closed","template":"","meta":{"footnotes":""},"class_list":["post-26","page","type-page","status-publish","hentry"],"rttpg_featured_image_url":null,"rttpg_author":{"display_name":"char10t","author_link":"https:\/\/cgc.usm.md\/?author=1"},"rttpg_comment":0,"rttpg_category":null,"rttpg_excerpt":"Baz\u0103 normativ\u0103 a organiz\u0103rii \u015fi func\u0163ion\u0103rii Centrului de Ghidare \u00een Carier\u0103 \u015fi Rela\u0163ii cu Pia\u0163a Muncii: Codul Educa\u0163iei al Republicii Moldova Nr. 152 din 17.07.2014, publicat \u00een Monitorul Oficial Nr. 319-324 din 24.10.2014 Strategia Na\u0163ional\u0103 de dezvoltare &#8222;Moldova European\u0103 2030\u201d Planul-cadru pentru studiile superioare de licen\u0163\u0103 (ciclul 1), de master (ciclul II) \u015fi integrate (Aprobat&hellip;&hellip;","_links":{"self":[{"href":"https:\/\/cgc.usm.md\/index.php?rest_route=\/wp\/v2\/pages\/26","targetHints":{"allow":["GET"]}}],"collection":[{"href":"https:\/\/cgc.usm.md\/index.php?rest_route=\/wp\/v2\/pages"}],"about":[{"href":"https:\/\/cgc.usm.md\/index.php?rest_route=\/wp\/v2\/types\/page"}],"author":[{"embeddable":true,"href":"https:\/\/cgc.usm.md\/index.php?rest_route=\/wp\/v2\/users\/1"}],"replies":[{"embeddable":true,"href":"https:\/\/cgc.usm.md\/index.php?rest_route=%2Fwp%2Fv2%2Fcomments&post=26"}],"version-history":[{"count":10,"href":"https:\/\/cgc.usm.md\/index.php?rest_route=\/wp\/v2\/pages\/26\/revisions"}],"predecessor-version":[{"id":2345,"href":"https:\/\/cgc.usm.md\/index.php?rest_route=\/wp\/v2\/pages\/26\/revisions\/2345"}],"wp:attachment":[{"href":"https:\/\/cgc.usm.md\/index.php?rest_route=%2Fwp%2Fv2%2Fmedia&parent=26"}],"curies":[{"name":"wp","href":"https:\/\/api.w.org\/{rel}","templated":true}]}}