{"id":1844,"date":"2024-02-01T11:13:00","date_gmt":"2024-02-01T11:13:00","guid":{"rendered":"https:\/\/cgc.usm.md\/?page_id=1844"},"modified":"2024-02-01T11:13:00","modified_gmt":"2024-02-01T11:13:00","slug":"noutati-si-evenimente","status":"publish","type":"page","link":"https:\/\/cgc.usm.md\/?page_id=1844","title":{"rendered":"Nouta\u021bi \u0219i Evenimente"},"content":{"rendered":"<p style=\"text-align: center;\"><style type='text\/css' media='all'>#rt-tpg-container-546516617 .rt-holder .rt-woo-info .price{color:#43655c;}body .rt-tpg-container .rt-tpg-isotope-buttons .selected,\n\t\t\t\t\t#rt-tpg-container-546516617 .layout12 .rt-holder:hover .rt-detail,\n\t\t\t\t\t#rt-tpg-container-546516617 .isotope8 .rt-holder:hover .rt-detail,\n\t\t\t\t\t#rt-tpg-container-546516617 .carousel8 .rt-holder:hover .rt-detail,\n\t\t\t\t\t#rt-tpg-container-546516617 .layout13 .rt-holder .overlay .post-info,\n\t\t\t\t\t#rt-tpg-container-546516617 .isotope9 .rt-holder .overlay .post-info,\n\t\t\t\t\t#rt-tpg-container-546516617.rt-tpg-container .layout4 .rt-holder .rt-detail,\n\t\t\t\t\t.rt-modal-546516617 .md-content,\n\t\t\t\t\t.rt-modal-546516617 .md-content > .rt-md-content-holder .rt-md-content,\n\t\t\t\t\t.rt-popup-wrap-546516617.rt-popup-wrap .rt-popup-navigation-wrap,\n\t\t\t\t\t#rt-tpg-container-546516617 .carousel9 .rt-holder .overlay .post-info{background-color:#43655c;}#rt-tpg-container-546516617 .layout5 .rt-holder .overlay, #rt-tpg-container-546516617 .isotope2 .rt-holder .overlay, #rt-tpg-container-546516617 .carousel2 .rt-holder .overlay,#rt-tpg-container-546516617 .layout15 .rt-holder h3, #rt-tpg-container-546516617 .isotope11 .rt-holder h3, #rt-tpg-container-546516617 .carousel11 .rt-holder h3, #rt-tpg-container-546516617 .layout16 .rt-holder h3,\n\t\t\t\t\t#rt-tpg-container-546516617 .isotope12 .rt-holder h3, #rt-tpg-container-546516617 .carousel12 .rt-holder h3 {background-color:rgba(67,101,92,0.8);}#rt-tpg-container-546516617 .read-more a{border-radius:px;}#rt-tpg-container-546516617 .tpg-widget-heading-wrapper.heading-style1 .tpg-widget-heading, #rt-tpg-container-546516617 .tpg-widget-heading-wrapper.heading-style1 .tpg-widget-heading a, #rt-tpg-container-546516617 .tpg-widget-heading-wrapper.heading-style2 .tpg-widget-heading, #rt-tpg-container-546516617 .tpg-widget-heading-wrapper.heading-style2 .tpg-widget-heading a, #rt-tpg-container-546516617 .tpg-widget-heading-wrapper.heading-style3 .tpg-widget-heading, #rt-tpg-container-546516617 .tpg-widget-heading-wrapper.heading-style3 .tpg-widget-heading a  {color:#43655c;}#rt-tpg-container-546516617 .tpg-widget-heading-wrapper.heading-style1 .tpg-widget-heading::before  {background-color:#43655c;}#rt-tpg-container-546516617 .rt-img-holder img.rt-img-responsive,#rt-tpg-container-546516617 .rt-img-holder,\n\t\t\t\t\t#rt-tpg-container-546516617 .rt-post-overlay .post-img,\n\t\t\t\t\t#rt-tpg-container-546516617 .post-sm .post-img,\n\t\t\t\t\t#rt-tpg-container-546516617 .rt-post-grid .post-img,\n\t\t\t\t\t#rt-tpg-container-546516617 .post-img img {border-radius:px;}#rt-tpg-container-546516617 .layout5 .rt-holder h2.entry-title,\n\t\t\t\t\t#rt-tpg-container-546516617 .layout5 .rt-holder h3.entry-title,\n\t\t\t\t\t#rt-tpg-container-546516617 .layout5 .rt-holder h4.entry-title,\n\t\t\t\t\t#rt-tpg-container-546516617 .layout5 .rt-holder h2.entry-title a,\n\t\t\t\t\t#rt-tpg-container-546516617 .layout5 .rt-holder h3.entry-title a,\n\t\t\t\t\t#rt-tpg-container-546516617 .layout5 .rt-holder h4.entry-title a,\n\t\t\t\t\t#rt-tpg-container-546516617 .rt-holder .rt-woo-info h2 a,\n\t\t\t\t\t#rt-tpg-container-546516617 .rt-holder .rt-woo-info h3 a,\n\t\t\t\t\t#rt-tpg-container-546516617 .rt-holder .rt-woo-info h4 a,\n\t\t\t\t\t#rt-tpg-container-546516617 .post-content .post-title,\n\t\t\t\t\t#rt-tpg-container-546516617 .rt-post-grid .post-title,\n\t\t\t\t\t#rt-tpg-container-546516617 .rt-post-grid .post-title a,\n\t\t\t\t\t#rt-tpg-container-546516617 .post-content .post-title a,\n\t\t\t\t\t#rt-tpg-container-546516617 .rt-holder .rt-woo-info h2,\n\t\t\t\t\t#rt-tpg-container-546516617 .rt-holder .rt-woo-info h3,\n\t\t\t\t\t#rt-tpg-container-546516617 .rt-holder .rt-woo-info h4{font-size:14px;line-height:24px;}#rt-tpg-container-546516617 .post-grid-lg-style-1 .post-title,\n\t\t\t\t\t\t#rt-tpg-container-546516617 .post-grid-lg-style-1 .post-title a,\n\t\t\t\t\t\t#rt-tpg-container-546516617 .big-layout .post-title,\n\t\t\t\t\t\t#rt-tpg-container-546516617 .big-layout .post-title a,\n\t\t\t\t\t\t#rt-tpg-container-546516617 .post-grid-lg-style-1 .post-title,\n\t\t\t\t\t\t#rt-tpg-container-546516617 .post-grid-lg-style-1 .post-title a {font-size:22px;line-height:32px;}<\/style><div class='rt-container-fluid rt-tpg-container tpg-shortcode-main-wrapper ' id='rt-tpg-container-546516617'   data-layout='layout5' data-grid-style='even' data-desktop-col='3'  data-tab-col='2'  data-mobile-col='1' data-sc-id='1341'><div class=\"tpg-widget-heading-wrapper heading-style1 center\"><span class=\"tpg-widget-heading-line line-left\"><\/span><h3 class=\"tpg-widget-heading\">Nouta\u021bi \u0219i Evenimente<\/h3><span class=\"tpg-widget-heading-line\"><\/span><\/div><div data-title='Loading ...' class='rt-row rt-content-loader   layout5 tpg-even '><div class=\"rt-col-md-4 rt-col-sm-6 rt-col-xs-12 even-grid-item rt-grid-item\" data-id=\"2301\"><div class=\"rt-holder\"><div class=\"overlay\"><h3 class=\"entry-title\"><a data-id=\"2301\" class=\"\" href=\"https:\/\/cgc.usm.md\/?p=2301\">\u201e\ud835\udc70\u0302\ud835\udc8f\ud835\udc97\ud835\udc82\ud835\udc95\u0317\ud835\udc82\u0306 \ud835\udc8a\u0302\ud835\udc8f \ud835\udc74\ud835\udc90\ud835\udc8d\ud835\udc85\ud835\udc90\ud835\udc97\ud835\udc82\u275e: \ud835\udc7c\ud835\udc8f\ud835\udc8a\ud835\udc97\ud835\udc86\ud835\udc93\ud835\udc94\ud835\udc8a\ud835\udc95\ud835\udc82\ud835\udc95\ud835\udc86\ud835\udc82 \ud835\udc85\ud835\udc86 \ud835\udc7a\ud835\udc95\ud835\udc82\ud835\udc95 \ud835\udc85\ud835\udc8a\ud835\udc8f \ud835\udc74\ud835\udc90\ud835\udc8d\ud835\udc85\ud835\udc90\ud835\udc97\ud835\udc82 \ud835\udc95\ud835\udc86 \ud835\udc82\ud835\udc94\u0317\ud835\udc95\ud835\udc86\ud835\udc82\ud835\udc91\ud835\udc95\ud835\udc82\u0306 \ud835\udc84\ud835\udc96 \ud835\udc91\ud835\udc93\ud835\udc90\ud835\udc88\ud835\udc93\ud835\udc82\ud835\udc8e\ud835\udc86 \ud835\udc85\ud835\udc86 \ud835\udc94\ud835\udc95\ud835\udc96\ud835\udc85\ud835\udc8a\ud835\udc8a \ud835\udc85\ud835\udc8a\ud835\udc97\ud835\udc86\ud835\udc93\ud835\udc94\ud835\udc86 \ud835\udc94\u0317\ud835\udc8a \ud835\udc91\ud835\udc86\ud835\udc93\ud835\udc87\ud835\udc90\ud835\udc93\ud835\udc8e\ud835\udc82\ud835\udc8f\ud835\udc95\u0317\ud835\udc82\u0306 \ud835\udc82\ud835\udc84\ud835\udc82\ud835\udc85\ud835\udc86\ud835\udc8e\ud835\udc8a\ud835\udc84\ud835\udc82\u0306<\/a><\/h3><span class='post-meta-user '><span class='date-meta'><i class='flaticon-calendar '><\/i>mar\u021bi,  4 martie 2025<\/span><span class='categories-links'><i class='flaticon-folder '><\/i><a class=\"noutati\" href=\"https:\/\/cgc.usm.md\/?cat=3\" rel=\"tag\">Nouta\u021bi \u0219i Evenimente<\/a><\/span><\/span><\/div> <a data-id='2301' class='' href='https:\/\/cgc.usm.md\/?p=2301'><img fetchpriority=\"high\" decoding=\"async\" width=\"2048\" height=\"1365\" src=\"https:\/\/cgc.usm.md\/wp-content\/uploads\/2025\/03\/481022836_1154298036482209_7573025525097273572_n.jpg\" class=\"rt-img-responsive \" alt=\"\" \/><\/a><\/div><\/div><div class=\"rt-col-md-4 rt-col-sm-6 rt-col-xs-12 even-grid-item rt-grid-item\" data-id=\"2285\"><div class=\"rt-holder\"><div class=\"overlay\"><h3 class=\"entry-title\"><a data-id=\"2285\" class=\"\" href=\"https:\/\/cgc.usm.md\/?p=2285\">Universitatea de Stat din Moldova \u2013 o surs\u0103 de inspira\u021bie pentru viitorii studen\u021bi!<\/a><\/h3><span class='post-meta-user '><span class='date-meta'><i class='flaticon-calendar '><\/i>luni,  3 martie 2025<\/span><span class='categories-links'><i class='flaticon-folder '><\/i><a class=\"noutati\" href=\"https:\/\/cgc.usm.md\/?cat=3\" rel=\"tag\">Nouta\u021bi \u0219i Evenimente<\/a><\/span><\/span><\/div> <a data-id='2285' class='' href='https:\/\/cgc.usm.md\/?p=2285'><img decoding=\"async\" width=\"1600\" height=\"1067\" src=\"https:\/\/cgc.usm.md\/wp-content\/uploads\/2025\/03\/481779690_1198611258934054_5712382162649816006_n.jpg\" class=\"rt-img-responsive \" alt=\"\" \/><\/a><\/div><\/div><div class=\"rt-col-md-4 rt-col-sm-6 rt-col-xs-12 even-grid-item rt-grid-item\" data-id=\"2278\"><div class=\"rt-holder\"><div class=\"overlay\"><h3 class=\"entry-title\"><a data-id=\"2278\" class=\"\" href=\"https:\/\/cgc.usm.md\/?p=2278\">Universitatea de Stat din Moldova \u00ee\u0219i continu\u0103 participarea activ\u0103 \u00een campania na\u021bional\u0103 \u201e\u00ceNVA\u021a\u0102 \u00ceN MOLDOVA\u201d!<\/a><\/h3><span class='post-meta-user '><span class='date-meta'><i class='flaticon-calendar '><\/i>luni,  3 martie 2025<\/span><span class='categories-links'><i class='flaticon-folder '><\/i><a class=\"noutati\" href=\"https:\/\/cgc.usm.md\/?cat=3\" rel=\"tag\">Nouta\u021bi \u0219i Evenimente<\/a><\/span><\/span><\/div> <a data-id='2278' class='' href='https:\/\/cgc.usm.md\/?p=2278'><img decoding=\"async\" width=\"1280\" height=\"960\" src=\"https:\/\/cgc.usm.md\/wp-content\/uploads\/2025\/03\/480600518_1198398418955338_7540947802432343868_n.jpg\" class=\"rt-img-responsive \" alt=\"\" \/><\/a><\/div><\/div><div class=\"rt-col-md-4 rt-col-sm-6 rt-col-xs-12 even-grid-item rt-grid-item\" data-id=\"2262\"><div class=\"rt-holder\"><div class=\"overlay\"><h3 class=\"entry-title\"><a data-id=\"2262\" class=\"\" href=\"https:\/\/cgc.usm.md\/?p=2262\">\ud835\udc6c\ud835\udc8d\ud835\udc86\ud835\udc97\ud835\udc8a\ud835\udc8a \ud835\udc85\ud835\udc8a\ud835\udc8f \ud835\udc95\u0317\ud835\udc82\ud835\udc93\ud835\udc82\u0306 \ud835\udc84\ud835\udc90\ud835\udc8f\ud835\udc95\ud835\udc8a\ud835\udc8f\ud835\udc96\ud835\udc82\u0306 \ud835\udc94\ud835\udc82\u0306 \ud835\udc87\ud835\udc8a\ud835\udc86 \ud835\udc8a\ud835\udc8f\ud835\udc95\ud835\udc86\ud835\udc93\ud835\udc86\ud835\udc94\ud835\udc82\ud835\udc95\u0317\ud835\udc8a \ud835\udc85\ud835\udc86 \ud835\udc90\ud835\udc91\ud835\udc90\ud835\udc93\ud835\udc95\ud835\udc96\ud835\udc8f\ud835\udc8a\ud835\udc95\ud835\udc82\u0306\ud835\udc95\u0317\ud835\udc8a\ud835\udc8d\ud835\udc86 \ud835\udc94\ud835\udc95\ud835\udc96\ud835\udc85\ud835\udc8a\ud835\udc8a\ud835\udc8d\ud835\udc90\ud835\udc93 \ud835\udc94\ud835\udc96\ud835\udc91\ud835\udc86\ud835\udc93\ud835\udc8a\ud835\udc90\ud835\udc82\ud835\udc93\ud835\udc86 \ud835\udc90\ud835\udc87\ud835\udc86\ud835\udc93\ud835\udc8a\ud835\udc95\ud835\udc86 \ud835\udc85\ud835\udc86 \ud835\udc7c\ud835\udc7a\ud835\udc74<\/a><\/h3><span class='post-meta-user '><span class='date-meta'><i class='flaticon-calendar '><\/i>luni,  3 martie 2025<\/span><span class='categories-links'><i class='flaticon-folder '><\/i><a class=\"noutati\" href=\"https:\/\/cgc.usm.md\/?cat=3\" rel=\"tag\">Nouta\u021bi \u0219i Evenimente<\/a><\/span><\/span><\/div> <a data-id='2262' class='' href='https:\/\/cgc.usm.md\/?p=2262'><img loading=\"lazy\" decoding=\"async\" width=\"2048\" height=\"1365\" src=\"https:\/\/cgc.usm.md\/wp-content\/uploads\/2025\/03\/480993253_1151044726807540_8808770959649861533_n.jpg\" class=\"rt-img-responsive \" alt=\"\" \/><\/a><\/div><\/div><div class=\"rt-col-md-4 rt-col-sm-6 rt-col-xs-12 even-grid-item rt-grid-item\" data-id=\"2242\"><div class=\"rt-holder\"><div class=\"overlay\"><h3 class=\"entry-title\"><a data-id=\"2242\" class=\"\" href=\"https:\/\/cgc.usm.md\/?p=2242\">Elevii din \u021bar\u0103 continu\u0103 s\u0103 fie interesa\u021bi de oportunit\u0103\u021bile studiilor superioare oferite de USM<\/a><\/h3><span class='post-meta-user '><span class='date-meta'><i class='flaticon-calendar '><\/i>luni,  3 martie 2025<\/span><span class='categories-links'><i class='flaticon-folder '><\/i><a class=\"noutati\" href=\"https:\/\/cgc.usm.md\/?cat=3\" rel=\"tag\">Nouta\u021bi \u0219i Evenimente<\/a><\/span><\/span><\/div> <a data-id='2242' class='' href='https:\/\/cgc.usm.md\/?p=2242'><img loading=\"lazy\" decoding=\"async\" width=\"2048\" height=\"1365\" src=\"https:\/\/cgc.usm.md\/wp-content\/uploads\/2025\/03\/480779051_1149565280288818_3828666002430556605_n.jpg\" class=\"rt-img-responsive \" alt=\"\" \/><\/a><\/div><\/div><div class=\"rt-col-md-4 rt-col-sm-6 rt-col-xs-12 even-grid-item rt-grid-item\" data-id=\"2232\"><div class=\"rt-holder\"><div class=\"overlay\"><h3 class=\"entry-title\"><a data-id=\"2232\" class=\"\" href=\"https:\/\/cgc.usm.md\/?p=2232\">Universitatea de Stat din Moldova continu\u0103 s\u0103 motiveze absolven\u021bii s\u0103-\u0219i construiasc\u0103 un viitor academic de succes \u00een \u021bar\u0103!<\/a><\/h3><span class='post-meta-user '><span class='date-meta'><i class='flaticon-calendar '><\/i>luni,  3 martie 2025<\/span><span class='categories-links'><i class='flaticon-folder '><\/i><a class=\"noutati\" href=\"https:\/\/cgc.usm.md\/?cat=3\" rel=\"tag\">Nouta\u021bi \u0219i Evenimente<\/a><\/span><\/span><\/div> <a data-id='2232' class='' href='https:\/\/cgc.usm.md\/?p=2232'><img loading=\"lazy\" decoding=\"async\" width=\"1600\" height=\"1200\" src=\"https:\/\/cgc.usm.md\/wp-content\/uploads\/2025\/03\/480857133_1196804889114691_1579769526507153805_n.jpg\" class=\"rt-img-responsive \" alt=\"\" \/><\/a><\/div><\/div><div class=\"rt-col-md-4 rt-col-sm-6 rt-col-xs-12 even-grid-item rt-grid-item\" data-id=\"2216\"><div class=\"rt-holder\"><div class=\"overlay\"><h3 class=\"entry-title\"><a data-id=\"2216\" class=\"\" href=\"https:\/\/cgc.usm.md\/?p=2216\">Universitatea de Stat din Moldova promoveaz\u0103 excelen\u021ba academic\u0103 \u00een municipiul B\u0103l\u021bi, \u00een cadrul campaniei na\u021bionale: \u201e\u00ceNVA\u021a\u0102 \u00ceN MOLDOVA!\u201d<\/a><\/h3><span class='post-meta-user '><span class='date-meta'><i class='flaticon-calendar '><\/i>vineri, 28 februarie 2025<\/span><span class='categories-links'><i class='flaticon-folder '><\/i><a class=\"noutati\" href=\"https:\/\/cgc.usm.md\/?cat=3\" rel=\"tag\">Nouta\u021bi \u0219i Evenimente<\/a><\/span><\/span><\/div> <a data-id='2216' class='' href='https:\/\/cgc.usm.md\/?p=2216'><img loading=\"lazy\" decoding=\"async\" width=\"1280\" height=\"960\" src=\"https:\/\/cgc.usm.md\/wp-content\/uploads\/2025\/02\/480984215_1197305879064592_6427521641868832117_n.jpg\" class=\"rt-img-responsive \" alt=\"\" \/><\/a><\/div><\/div><div class=\"rt-col-md-4 rt-col-sm-6 rt-col-xs-12 even-grid-item rt-grid-item\" data-id=\"2211\"><div class=\"rt-holder\"><div class=\"overlay\"><h3 class=\"entry-title\"><a data-id=\"2211\" class=\"\" href=\"https:\/\/cgc.usm.md\/?p=2211\">Pe data de 24 februarie 2025 , \u00a0un grup de studen\u021bi \u0219i cadre didactice din cadrul Facult\u0103\u021bii Psihologie \u015fi \u015et.ale Ed., Sociologie \u0219i Asisten\u021b\u0103 Social\u0103, USM \u0219i Facultatea \u0218tiin\u021be Economice, USM \u00eempreun\u0103 cu Centrul de Ghidare \u00een Carier\u0103 \u0219i Rela\u021bii cu Pia\u021ba Muncii au vizitat liceele din Cimi\u0219lia<\/a><\/h3><span class='post-meta-user '><span class='date-meta'><i class='flaticon-calendar '><\/i>vineri, 28 februarie 2025<\/span><span class='categories-links'><i class='flaticon-folder '><\/i><a class=\"noutati\" href=\"https:\/\/cgc.usm.md\/?cat=3\" rel=\"tag\">Nouta\u021bi \u0219i Evenimente<\/a><\/span><\/span><\/div> <a data-id='2211' class='' href='https:\/\/cgc.usm.md\/?p=2211'><img loading=\"lazy\" decoding=\"async\" width=\"1280\" height=\"960\" src=\"https:\/\/cgc.usm.md\/wp-content\/uploads\/2025\/02\/480881285_1196646002463913_172147886227110254_n.jpg\" class=\"rt-img-responsive \" alt=\"\" \/><\/a><\/div><\/div><div class=\"rt-col-md-4 rt-col-sm-6 rt-col-xs-12 even-grid-item rt-grid-item\" data-id=\"2198\"><div class=\"rt-holder\"><div class=\"overlay\"><h3 class=\"entry-title\"><a data-id=\"2198\" class=\"\" href=\"https:\/\/cgc.usm.md\/?p=2198\">Universitatea de Stat din Moldova sus\u021bine educa\u021bia de calitate \u00een cadrul campaniei \u201e\u00ceNVA\u021a\u0102 \u00ceN MOLDOVA\u201d<\/a><\/h3><span class='post-meta-user '><span class='date-meta'><i class='flaticon-calendar '><\/i>vineri, 28 februarie 2025<\/span><span class='categories-links'><i class='flaticon-folder '><\/i><a class=\"noutati\" href=\"https:\/\/cgc.usm.md\/?cat=3\" rel=\"tag\">Nouta\u021bi \u0219i Evenimente<\/a><\/span><\/span><\/div> <a data-id='2198' class='' href='https:\/\/cgc.usm.md\/?p=2198'><img loading=\"lazy\" decoding=\"async\" width=\"1020\" height=\"765\" src=\"https:\/\/cgc.usm.md\/wp-content\/uploads\/2025\/02\/480816426_1196594892469024_377488193093979551_n-1.jpg\" class=\"rt-img-responsive \" alt=\"\" \/><\/a><\/div><\/div><\/div><div class='rt-pagination-wrap' data-total-pages='5' data-posts-per-page='9' data-type='pagination'  ><div class=\"rt-pagination\" ><ul class=\"pagination-list\"><li class=\"active\"><span>1<\/span><\/li><li><a data-paged='2' href='https:\/\/cgc.usm.md\/index.php?rest_route=%2Fwp%2Fv2%2Fpages%2F1844&#038;paged=2'>2<\/a><\/li><li><a data-paged='3' href='https:\/\/cgc.usm.md\/index.php?rest_route=%2Fwp%2Fv2%2Fpages%2F1844&#038;paged=3'>3<\/a><\/li><li><a data-paged='4' href='https:\/\/cgc.usm.md\/index.php?rest_route=%2Fwp%2Fv2%2Fpages%2F1844&#038;paged=4'>4<\/a><\/li><li><a data-paged='5' href='https:\/\/cgc.usm.md\/index.php?rest_route=%2Fwp%2Fv2%2Fpages%2F1844&#038;paged=5'>5<\/a><\/li><\/ul><\/div><\/div><\/div><\/p>\n","protected":false},"excerpt":{"rendered":"","protected":false},"author":1,"featured_media":0,"parent":0,"menu_order":0,"comment_status":"closed","ping_status":"closed","template":"","meta":{"footnotes":""},"class_list":["post-1844","page","type-page","status-publish","hentry"],"rttpg_featured_image_url":null,"rttpg_author":{"display_name":"char10t","author_link":"https:\/\/cgc.usm.md\/?author=1"},"rttpg_comment":0,"rttpg_category":"","rttpg_excerpt":null,"_links":{"self":[{"href":"https:\/\/cgc.usm.md\/index.php?rest_route=\/wp\/v2\/pages\/1844","targetHints":{"allow":["GET"]}}],"collection":[{"href":"https:\/\/cgc.usm.md\/index.php?rest_route=\/wp\/v2\/pages"}],"about":[{"href":"https:\/\/cgc.usm.md\/index.php?rest_route=\/wp\/v2\/types\/page"}],"author":[{"embeddable":true,"href":"https:\/\/cgc.usm.md\/index.php?rest_route=\/wp\/v2\/users\/1"}],"replies":[{"embeddable":true,"href":"https:\/\/cgc.usm.md\/index.php?rest_route=%2Fwp%2Fv2%2Fcomments&post=1844"}],"version-history":[{"count":1,"href":"https:\/\/cgc.usm.md\/index.php?rest_route=\/wp\/v2\/pages\/1844\/revisions"}],"predecessor-version":[{"id":1845,"href":"https:\/\/cgc.usm.md\/index.php?rest_route=\/wp\/v2\/pages\/1844\/revisions\/1845"}],"wp:attachment":[{"href":"https:\/\/cgc.usm.md\/index.php?rest_route=%2Fwp%2Fv2%2Fmedia&parent=1844"}],"curies":[{"name":"wp","href":"https:\/\/api.w.org\/{rel}","templated":true}]}}